{"id":789,"date":"2019-07-05T17:58:16","date_gmt":"2019-07-05T15:58:16","guid":{"rendered":"https:\/\/toutomarto.fr\/?page_id=789"},"modified":"2025-02-10T00:32:44","modified_gmt":"2025-02-09T23:32:44","slug":"frappe-a-2-marteaux","status":"publish","type":"page","link":"https:\/\/toutomarto.fr\/index.php\/frappe-a-2-marteaux\/","title":{"rendered":"Formation Outillage enclume et \u00e0 main"},"content":{"rendered":"<p>[et_pb_section fb_built=\u00a0\u00bb1&Prime; _builder_version=\u00a0\u00bb3.23.3&Prime; custom_padding=\u00a0\u00bb0px||0px|||\u00a0\u00bb global_colors_info=\u00a0\u00bb{}\u00a0\u00bb][et_pb_row column_structure=\u00a0\u00bb1_2,1_2&Prime; _builder_version=\u00a0\u00bb3.25&Prime; width=\u00a0\u00bb97.1%\u00a0\u00bb min_height=\u00a0\u00bb368px\u00a0\u00bb custom_margin=\u00a0\u00bb|192px||auto||\u00a0\u00bb custom_padding=\u00a0\u00bb||0px|||\u00a0\u00bb global_colors_info=\u00a0\u00bb{}\u00a0\u00bb][et_pb_column type=\u00a0\u00bb1_2&Prime; _builder_version=\u00a0\u00bb3.25&Prime; custom_padding=\u00a0\u00bb|||\u00a0\u00bb global_colors_info=\u00a0\u00bb{}\u00a0\u00bb custom_padding__hover=\u00a0\u00bb|||\u00a0\u00bb][et_pb_text _builder_version=\u00a0\u00bb3.27.4&Prime; text_font=\u00a0\u00bb||||||||\u00a0\u00bb width=\u00a0\u00bb100%\u00a0\u00bb min_height=\u00a0\u00bb311px\u00a0\u00bb custom_margin=\u00a0\u00bb|32px||||\u00a0\u00bb custom_padding=\u00a0\u00bb||0px|15px||\u00a0\u00bb global_colors_info=\u00a0\u00bb{}\u00a0\u00bb]<\/p>\n<h2><strong>Programme<\/strong><\/h2>\n<h3><strong>OUTILLAGES D&rsquo;ENCLUMES &amp; A MAIN &#8211; \u00a05 JOURS<\/strong><\/h3>\n<p><strong><\/strong><\/p>\n<p><strong>Pr\u00e9requis\u00a0<\/strong>: Avoir des bases de la forge. Avoir suivi le module initiation sera un plus.<\/p>\n<p><strong>Objectifs\u00a0: <\/strong>Rendre le stagiaire le plus autonome possible dans la fabrication des outils de forge. Le stage sera toujours orient\u00e9 avec la technique de forge sp\u00e9cifique \u00e0 l\u2019atelier Toutomarto.<\/p>\n<p><em><u>\u00a0<\/u><\/em><\/p>\n<p><strong>Dans la pratique<\/strong> le stagiaire abordera\u00a0:<\/p>\n<ul>\n<li>Le concept g\u00e9n\u00e9ral du syst\u00e8me de forge que nous pratiquons.<\/li>\n<li>Les d\u00e9monstrations et la mise en pratique pour chaque exercice<\/li>\n<li>Les diff\u00e9rentes nuances d\u2019acier<\/li>\n<li>La diversit\u00e9 des outils r\u00e9alis\u00e9s et leur bonne utilisation<\/li>\n<\/ul>\n<p><strong><\/strong><\/p>\n<p>&nbsp;<\/p>\n<h3><span style=\"color: #ff6600;\"><strong>DATES 2025 :<\/strong><\/span><\/h3>\n<p><span style=\"color: #ff6600;\"><strong><\/strong><\/span><\/p>\n<h3><span style=\"color: #ff6600;\"><strong>&#8211; Du\u00a0 17 au 21 Novembre 2025<\/strong><\/span><\/h3>\n<p><span style=\"color: #ff6600;\"><strong><span style=\"font-size: 14px;\"><\/span><\/strong><\/span><\/p>\n<p>[\/et_pb_text][\/et_pb_column][et_pb_column type=\u00a0\u00bb1_2&Prime; _builder_version=\u00a0\u00bb3.25&Prime; custom_padding=\u00a0\u00bb|||\u00a0\u00bb global_colors_info=\u00a0\u00bb{}\u00a0\u00bb custom_padding__hover=\u00a0\u00bb|||\u00a0\u00bb][et_pb_gallery gallery_ids=\u00a0\u00bb1707,1708&Prime; show_title_and_caption=\u00a0\u00bboff\u00a0\u00bb show_pagination=\u00a0\u00bboff\u00a0\u00bb _builder_version=\u00a0\u00bb4.0.9&Prime; min_height=\u00a0\u00bb300px\u00a0\u00bb custom_margin=\u00a0\u00bb0px|-19px||||\u00a0\u00bb custom_padding=\u00a0\u00bb|31px|0px|15px||\u00a0\u00bb global_colors_info=\u00a0\u00bb{}\u00a0\u00bb][\/et_pb_gallery][\/et_pb_column][\/et_pb_row][et_pb_row _builder_version=\u00a0\u00bb3.25.4&Prime; global_colors_info=\u00a0\u00bb{}\u00a0\u00bb][et_pb_column type=\u00a0\u00bb4_4&Prime; _builder_version=\u00a0\u00bb3.25.4&Prime; global_colors_info=\u00a0\u00bb{}\u00a0\u00bb][et_pb_text _builder_version=\u00a0\u00bb4.14.7&Prime; custom_padding=\u00a0\u00bb0px||2px|||\u00a0\u00bb global_colors_info=\u00a0\u00bb{}\u00a0\u00bb]<\/p>\n<p><strong><span style=\"color: #25bc00;\">POUR TOUTE INSCRIPTION<\/span><\/strong><em style=\"font-size: 14px;\"><strong>,<\/strong> il est imp\u00e9ratif de t\u00e9l\u00e9charger et de remplir la fiche de renseignements ainsi que le bulletin d&rsquo;inscription \u00e0 nous renvoyer par mail.<br \/><\/em><em style=\"font-size: 14px;\">A titre individuel, merci de nous joindre un ch\u00e8que d&rsquo;acompte.<\/em><\/p>\n<p><em style=\"font-size: 14px;\"><span style=\"font-size: 14px;\">TARIF\u00a0 :\u00a0 850 \u20ac \u00e0 titre individuel (conditions sur le bulletin d&rsquo;inscription).<\/span><\/em><\/p>\n<p>Pour \u00e9tudier une<strong><em><span style=\"color: #289115;\">\u00a0possibilit\u00e9 de prise en charge financi\u00e8re, <\/span><\/em><\/strong>compl\u00e9ter le formulaire suivant : <br \/><a href=\"https:\/\/asso-formateur.fr\/questionnaire-de-pre-formation-apprenant\/\">https:\/\/asso-formateur.fr\/questionnaire-de-pre-formation-apprenant\/<\/a><br \/>(G\u00e9raldine SKRABO)<\/p>\n<p>Possibilit\u00e9 de grouper plusieurs formations pour une prise en charge globale.<\/p>\n<p>&nbsp;<\/p>\n<p style=\"text-align: center;\">\n<p>[\/et_pb_text][\/et_pb_column][\/et_pb_row][\/et_pb_section][et_pb_section fb_built=\u00a0\u00bb1&Prime; _builder_version=\u00a0\u00bb3.24.1&Prime; min_height=\u00a0\u00bb7px\u00a0\u00bb custom_padding=\u00a0\u00bb3px||0px|||\u00a0\u00bb global_colors_info=\u00a0\u00bb{}\u00a0\u00bb][et_pb_row column_structure=\u00a0\u00bb1_4,1_4,1_4,1_4&Prime; _builder_version=\u00a0\u00bb3.25&Prime; min_height=\u00a0\u00bb94px\u00a0\u00bb custom_margin=\u00a0\u00bb-4px|auto||auto||\u00a0\u00bb custom_padding=\u00a0\u00bb0px||0px|||\u00a0\u00bb global_colors_info=\u00a0\u00bb{}\u00a0\u00bb][et_pb_column type=\u00a0\u00bb1_4&Prime; _builder_version=\u00a0\u00bb3.25&Prime; custom_padding=\u00a0\u00bb|||\u00a0\u00bb global_colors_info=\u00a0\u00bb{}\u00a0\u00bb custom_padding__hover=\u00a0\u00bb|||\u00a0\u00bb][et_pb_button button_url=\u00a0\u00bbhttps:\/\/toutomarto.fr\/wp-content\/uploads\/2025\/02\/Fiche-de-renseignement-2025.pdf\u00a0\u00bb url_new_window=\u00a0\u00bbon\u00a0\u00bb button_text=\u00a0\u00bbF. de renseignements\u00a0\u00bb button_alignment=\u00a0\u00bbcenter\u00a0\u00bb _builder_version=\u00a0\u00bb4.14.7&Prime; custom_button=\u00a0\u00bbon\u00a0\u00bb button_text_size=\u00a0\u00bb15px\u00a0\u00bb button_text_color=\u00a0\u00bb#ffffff\u00a0\u00bb button_bg_color=\u00a0\u00bb#f98900&Prime; button_border_width=\u00a0\u00bb0px\u00a0\u00bb button_border_radius=\u00a0\u00bb30px\u00a0\u00bb button_letter_spacing=\u00a0\u00bb0px\u00a0\u00bb button_font=\u00a0\u00bb||||||||\u00a0\u00bb button_icon=\u00a0\u00bb&#x3d;||divi||400&Prime; button_icon_color=\u00a0\u00bb#ffffff\u00a0\u00bb button_on_hover=\u00a0\u00bboff\u00a0\u00bb hover_enabled=\u00a0\u00bb0&Prime; box_shadow_style=\u00a0\u00bbpreset2&Prime; box_shadow_vertical=\u00a0\u00bb-3px\u00a0\u00bb global_colors_info=\u00a0\u00bb{}\u00a0\u00bb sticky_enabled=\u00a0\u00bb0&Prime;][\/et_pb_button][\/et_pb_column][et_pb_column type=\u00a0\u00bb1_4&Prime; _builder_version=\u00a0\u00bb3.25&Prime; custom_padding=\u00a0\u00bb|||\u00a0\u00bb global_colors_info=\u00a0\u00bb{}\u00a0\u00bb custom_padding__hover=\u00a0\u00bb|||\u00a0\u00bb][et_pb_button button_url=\u00a0\u00bbhttps:\/\/toutomarto.fr\/wp-content\/uploads\/2025\/02\/Outillages-denclume-outils-a-main-2025.pdf\u00a0\u00bb url_new_window=\u00a0\u00bbon\u00a0\u00bb button_text=\u00a0\u00bbProgramme outillage enclume\u00a0\u00bb button_alignment=\u00a0\u00bbcenter\u00a0\u00bb _builder_version=\u00a0\u00bb4.14.7&Prime; custom_button=\u00a0\u00bbon\u00a0\u00bb button_text_size=\u00a0\u00bb15px\u00a0\u00bb button_text_color=\u00a0\u00bb#ffffff\u00a0\u00bb button_bg_color=\u00a0\u00bb#f98900&Prime; button_border_width=\u00a0\u00bb0px\u00a0\u00bb button_border_radius=\u00a0\u00bb30px\u00a0\u00bb button_letter_spacing=\u00a0\u00bb0px\u00a0\u00bb button_font=\u00a0\u00bb||||||||\u00a0\u00bb button_icon=\u00a0\u00bb&#x3d;||divi||400&Prime; button_icon_color=\u00a0\u00bb#ffffff\u00a0\u00bb button_on_hover=\u00a0\u00bboff\u00a0\u00bb box_shadow_style=\u00a0\u00bbpreset2&Prime; box_shadow_vertical=\u00a0\u00bb-3px\u00a0\u00bb global_colors_info=\u00a0\u00bb{}\u00a0\u00bb][\/et_pb_button][\/et_pb_column][et_pb_column type=\u00a0\u00bb1_4&Prime; _builder_version=\u00a0\u00bb3.25&Prime; custom_padding=\u00a0\u00bb|||\u00a0\u00bb global_colors_info=\u00a0\u00bb{}\u00a0\u00bb custom_padding__hover=\u00a0\u00bb|||\u00a0\u00bb][et_pb_button button_url=\u00a0\u00bbhttps:\/\/toutomarto.fr\/wp-content\/uploads\/2025\/02\/B-I-FORM.-OUTILLAGE-ENCLUME-ET-MAIN-2025.pdf\u00a0\u00bb url_new_window=\u00a0\u00bbon\u00a0\u00bb button_text=\u00a0\u00bbBulletin d&rsquo;Inscription\u00a0\u00bb button_alignment=\u00a0\u00bbcenter\u00a0\u00bb _builder_version=\u00a0\u00bb4.14.7&Prime; custom_button=\u00a0\u00bbon\u00a0\u00bb button_text_size=\u00a0\u00bb15px\u00a0\u00bb button_text_color=\u00a0\u00bb#ffffff\u00a0\u00bb button_bg_color=\u00a0\u00bb#f98900&Prime; button_border_width=\u00a0\u00bb0px\u00a0\u00bb button_border_radius=\u00a0\u00bb30px\u00a0\u00bb button_letter_spacing=\u00a0\u00bb0px\u00a0\u00bb button_font=\u00a0\u00bb||||||||\u00a0\u00bb button_icon=\u00a0\u00bb&#x3d;||divi||400&Prime; button_icon_color=\u00a0\u00bb#ffffff\u00a0\u00bb button_on_hover=\u00a0\u00bboff\u00a0\u00bb box_shadow_style=\u00a0\u00bbpreset2&Prime; box_shadow_vertical=\u00a0\u00bb-3px\u00a0\u00bb global_colors_info=\u00a0\u00bb{}\u00a0\u00bb][\/et_pb_button][\/et_pb_column][et_pb_column type=\u00a0\u00bb1_4&Prime; _builder_version=\u00a0\u00bb3.25&Prime; custom_padding=\u00a0\u00bb|||\u00a0\u00bb global_colors_info=\u00a0\u00bb{}\u00a0\u00bb custom_padding__hover=\u00a0\u00bb|||\u00a0\u00bb][et_pb_button button_url=\u00a0\u00bbhttps:\/\/toutomarto.fr\/wp-content\/uploads\/2019\/06\/Conditions-g\u00e9n\u00e9rales-formation-toutomarto.pdf\u00a0\u00bb url_new_window=\u00a0\u00bbon\u00a0\u00bb button_text=\u00a0\u00bbConditions G\u00e9n\u00e9rales\u00a0\u00bb button_alignment=\u00a0\u00bbcenter\u00a0\u00bb _builder_version=\u00a0\u00bb4.13.0&Prime; custom_button=\u00a0\u00bbon\u00a0\u00bb button_text_size=\u00a0\u00bb15px\u00a0\u00bb button_text_color=\u00a0\u00bb#ffffff\u00a0\u00bb button_bg_color=\u00a0\u00bb#f98900&Prime; button_border_width=\u00a0\u00bb0px\u00a0\u00bb button_border_radius=\u00a0\u00bb30px\u00a0\u00bb button_letter_spacing=\u00a0\u00bb0px\u00a0\u00bb button_font=\u00a0\u00bb||||||||\u00a0\u00bb button_icon=\u00a0\u00bb&#x3d;||divi||400&Prime; button_icon_color=\u00a0\u00bb#ffffff\u00a0\u00bb button_on_hover=\u00a0\u00bboff\u00a0\u00bb box_shadow_style=\u00a0\u00bbpreset2&Prime; box_shadow_vertical=\u00a0\u00bb-3px\u00a0\u00bb global_colors_info=\u00a0\u00bb{}\u00a0\u00bb][\/et_pb_button][\/et_pb_column][\/et_pb_row][\/et_pb_section]<\/p>\n","protected":false},"excerpt":{"rendered":"<p>Programme OUTILLAGES D&rsquo;ENCLUMES &amp; A MAIN &#8211; \u00a05 JOURS Pr\u00e9requis\u00a0: Avoir des bases de la forge. Avoir suivi le module initiation sera un plus. Objectifs\u00a0: Rendre le stagiaire le plus autonome possible dans la fabrication des outils de forge. Le stage sera toujours orient\u00e9 avec la technique de forge sp\u00e9cifique \u00e0 l\u2019atelier Toutomarto. \u00a0 Dans [&hellip;]<\/p>\n","protected":false},"author":1,"featured_media":0,"parent":0,"menu_order":0,"comment_status":"closed","ping_status":"closed","template":"","meta":{"_et_pb_use_builder":"on","_et_pb_old_content":"","_et_gb_content_width":"","footnotes":""},"class_list":["post-789","page","type-page","status-publish","hentry"],"_links":{"self":[{"href":"https:\/\/toutomarto.fr\/index.php\/wp-json\/wp\/v2\/pages\/789","targetHints":{"allow":["GET"]}}],"collection":[{"href":"https:\/\/toutomarto.fr\/index.php\/wp-json\/wp\/v2\/pages"}],"about":[{"href":"https:\/\/toutomarto.fr\/index.php\/wp-json\/wp\/v2\/types\/page"}],"author":[{"embeddable":true,"href":"https:\/\/toutomarto.fr\/index.php\/wp-json\/wp\/v2\/users\/1"}],"replies":[{"embeddable":true,"href":"https:\/\/toutomarto.fr\/index.php\/wp-json\/wp\/v2\/comments?post=789"}],"version-history":[{"count":27,"href":"https:\/\/toutomarto.fr\/index.php\/wp-json\/wp\/v2\/pages\/789\/revisions"}],"predecessor-version":[{"id":1983,"href":"https:\/\/toutomarto.fr\/index.php\/wp-json\/wp\/v2\/pages\/789\/revisions\/1983"}],"wp:attachment":[{"href":"https:\/\/toutomarto.fr\/index.php\/wp-json\/wp\/v2\/media?parent=789"}],"curies":[{"name":"wp","href":"https:\/\/api.w.org\/{rel}","templated":true}]}}