{"id":608,"date":"2019-06-24T23:56:34","date_gmt":"2019-06-24T21:56:34","guid":{"rendered":"https:\/\/toutomarto.fr\/?page_id=608"},"modified":"2024-09-24T15:54:24","modified_gmt":"2024-09-24T13:54:24","slug":"forge-experimentale","status":"publish","type":"page","link":"https:\/\/toutomarto.fr\/index.php\/forge-experimentale\/","title":{"rendered":"Formation Forge Exp\u00e9rimentale"},"content":{"rendered":"<p>[et_pb_section fb_built=\u00a0\u00bb1&Prime; _builder_version=\u00a0\u00bb3.23.3&Prime; custom_padding=\u00a0\u00bb0px||0px|||\u00a0\u00bb global_colors_info=\u00a0\u00bb{}\u00a0\u00bb][et_pb_row column_structure=\u00a0\u00bb1_2,1_2&Prime; _builder_version=\u00a0\u00bb3.25&Prime; width=\u00a0\u00bb97.1%\u00a0\u00bb custom_margin=\u00a0\u00bb|192px||auto||\u00a0\u00bb custom_padding=\u00a0\u00bb||0px|||\u00a0\u00bb global_colors_info=\u00a0\u00bb{}\u00a0\u00bb][et_pb_column type=\u00a0\u00bb1_2&Prime; _builder_version=\u00a0\u00bb3.25&Prime; custom_padding=\u00a0\u00bb|||\u00a0\u00bb global_colors_info=\u00a0\u00bb{}\u00a0\u00bb custom_padding__hover=\u00a0\u00bb|||\u00a0\u00bb][et_pb_text _builder_version=\u00a0\u00bb3.27.4&Prime; text_font=\u00a0\u00bb||||||||\u00a0\u00bb width=\u00a0\u00bb100%\u00a0\u00bb min_height=\u00a0\u00bb494px\u00a0\u00bb custom_margin=\u00a0\u00bb|32px||||\u00a0\u00bb custom_padding=\u00a0\u00bb||0px|15px||\u00a0\u00bb global_colors_info=\u00a0\u00bb{}\u00a0\u00bb]<\/p>\n<h2><strong><\/strong><\/h2>\n<h2><strong>Programme<\/strong><\/h2>\n<h2><span style=\"color: #333300;\"><strong>FORGE EXP\u00c9RIMENTALE &#8211;\u00a0<\/strong><\/span><span style=\"color: #333300;\"><strong>5 jours<\/strong><\/span><\/h2>\n<p><strong><\/strong><\/p>\n<h3>OBJECTIFS DE LA FORMATION<\/h3>\n<p>Le stage s\u2019adresse \u00e0 des ferronniers exp\u00e9riment\u00e9s, ayant de pr\u00e9f\u00e9rence suivi le Module Initiation pour pouvoir \u00eatre d\u00e9j\u00e0 familiaris\u00e9s avec la technique d\u2019Uri Hofi.<\/p>\n<p>Exercices pratiques de cr\u00e9ativit\u00e9 autour d\u2019exp\u00e9rimentations utilisant des techniques contemporaines de ferronnerie.<\/p>\n<p>Le but de ces exercices est de montrer que le d\u00e9cor peut venir de la transformation m\u00eame du mat\u00e9riau sans chercher de motifs d\u00e9coratifs qui lui sont \u00e9trangers.<\/p>\n<p>Le but de ce stage est moins de transmettre un savoir-faire que de mettre en route une d\u00e9marche cr\u00e9ative permettant \u00e0 chacun de renouveler son r\u00e9pertoire de formes et de techniques de mise en \u0153uvre du m\u00e9tal.<\/p>\n<p>[\/et_pb_text][\/et_pb_column][et_pb_column type=\u00a0\u00bb1_2&Prime; _builder_version=\u00a0\u00bb3.25&Prime; custom_padding=\u00a0\u00bb|||\u00a0\u00bb global_colors_info=\u00a0\u00bb{}\u00a0\u00bb custom_padding__hover=\u00a0\u00bb|||\u00a0\u00bb][et_pb_gallery gallery_ids=\u00a0\u00bb615,616,617,618&Prime; show_title_and_caption=\u00a0\u00bboff\u00a0\u00bb show_pagination=\u00a0\u00bboff\u00a0\u00bb _builder_version=\u00a0\u00bb3.25.2&Prime; min_height=\u00a0\u00bb509px\u00a0\u00bb custom_margin=\u00a0\u00bb0px|-19px||||\u00a0\u00bb custom_padding=\u00a0\u00bb|31px|0px|15px||\u00a0\u00bb global_colors_info=\u00a0\u00bb{}\u00a0\u00bb][\/et_pb_gallery][\/et_pb_column][\/et_pb_row][et_pb_row _builder_version=\u00a0\u00bb3.25.4&Prime; global_colors_info=\u00a0\u00bb{}\u00a0\u00bb][et_pb_column type=\u00a0\u00bb4_4&Prime; _builder_version=\u00a0\u00bb3.25.4&Prime; global_colors_info=\u00a0\u00bb{}\u00a0\u00bb][et_pb_text _builder_version=\u00a0\u00bb4.0.6&Prime; global_colors_info=\u00a0\u00bb{}\u00a0\u00bb custom_padding=\u00a0\u00bb68px|||||\u00a0\u00bb]<\/p>\n<h4><span><strong>DATES : A DEFINIR EN 2025<br \/><\/strong><\/span><\/h4>\n<p>&nbsp;<\/p>\n<p style=\"text-align: center;\"><em>Pour vous inscrire, t\u00e9l\u00e9chargez et remplissez la fiche de renseignements et le bulletin d&rsquo;inscription que vous nous retournerez accompagn\u00e9s d&rsquo;un ch\u00e8que d&rsquo;acompte.<\/em><\/p>\n<p>[\/et_pb_text][\/et_pb_column][\/et_pb_row][\/et_pb_section][et_pb_section fb_built=\u00a0\u00bb1&Prime; _builder_version=\u00a0\u00bb3.24.1&Prime; min_height=\u00a0\u00bb7px\u00a0\u00bb custom_padding=\u00a0\u00bb3px||0px|||\u00a0\u00bb global_colors_info=\u00a0\u00bb{}\u00a0\u00bb][et_pb_row column_structure=\u00a0\u00bb1_4,1_4,1_4,1_4&Prime; _builder_version=\u00a0\u00bb3.25&Prime; min_height=\u00a0\u00bb94px\u00a0\u00bb custom_margin=\u00a0\u00bb-4px|auto||auto||\u00a0\u00bb custom_padding=\u00a0\u00bb43px||0px|||\u00a0\u00bb global_colors_info=\u00a0\u00bb{}\u00a0\u00bb][et_pb_column type=\u00a0\u00bb1_4&Prime; _builder_version=\u00a0\u00bb3.25&Prime; custom_padding=\u00a0\u00bb|||\u00a0\u00bb global_colors_info=\u00a0\u00bb{}\u00a0\u00bb custom_padding__hover=\u00a0\u00bb|||\u00a0\u00bb][et_pb_button button_url=\u00a0\u00bbhttps:\/\/toutomarto.fr\/wp-content\/uploads\/2019\/11\/Fiche-de-renseignements-2020.pdf\u00a0\u00bb url_new_window=\u00a0\u00bbon\u00a0\u00bb button_text=\u00a0\u00bbF. de renseignements\u00a0\u00bb button_alignment=\u00a0\u00bbcenter\u00a0\u00bb _builder_version=\u00a0\u00bb4.13.0&Prime; custom_button=\u00a0\u00bbon\u00a0\u00bb button_text_size=\u00a0\u00bb15px\u00a0\u00bb button_text_color=\u00a0\u00bb#ffffff\u00a0\u00bb button_bg_color=\u00a0\u00bb#f98900&Prime; button_border_width=\u00a0\u00bb0px\u00a0\u00bb button_border_radius=\u00a0\u00bb30px\u00a0\u00bb button_letter_spacing=\u00a0\u00bb0px\u00a0\u00bb button_font=\u00a0\u00bb||||||||\u00a0\u00bb button_icon=\u00a0\u00bb&#x3d;||divi||400&Prime; button_icon_color=\u00a0\u00bb#ffffff\u00a0\u00bb button_on_hover=\u00a0\u00bboff\u00a0\u00bb box_shadow_style=\u00a0\u00bbpreset2&Prime; box_shadow_vertical=\u00a0\u00bb-3px\u00a0\u00bb global_colors_info=\u00a0\u00bb{}\u00a0\u00bb][\/et_pb_button][\/et_pb_column][et_pb_column type=\u00a0\u00bb1_4&Prime; _builder_version=\u00a0\u00bb3.25&Prime; custom_padding=\u00a0\u00bb|||\u00a0\u00bb global_colors_info=\u00a0\u00bb{}\u00a0\u00bb custom_padding__hover=\u00a0\u00bb|||\u00a0\u00bb][et_pb_button button_url=\u00a0\u00bbhttps:\/\/toutomarto.fr\/wp-content\/uploads\/2019\/11\/FORGE-EXPERIMENTALE-P.-GAUCHER-2020.pdf\u00a0\u00bb url_new_window=\u00a0\u00bbon\u00a0\u00bb button_text=\u00a0\u00bbProgramme Forge Exp.\u00a0\u00bb button_alignment=\u00a0\u00bbcenter\u00a0\u00bb _builder_version=\u00a0\u00bb4.13.0&Prime; custom_button=\u00a0\u00bbon\u00a0\u00bb button_text_size=\u00a0\u00bb15px\u00a0\u00bb button_text_color=\u00a0\u00bb#ffffff\u00a0\u00bb button_bg_color=\u00a0\u00bb#f98900&Prime; button_border_width=\u00a0\u00bb0px\u00a0\u00bb button_border_radius=\u00a0\u00bb30px\u00a0\u00bb button_letter_spacing=\u00a0\u00bb0px\u00a0\u00bb button_font=\u00a0\u00bb||||||||\u00a0\u00bb button_icon=\u00a0\u00bb&#x3d;||divi||400&Prime; button_icon_color=\u00a0\u00bb#ffffff\u00a0\u00bb button_on_hover=\u00a0\u00bboff\u00a0\u00bb box_shadow_style=\u00a0\u00bbpreset2&Prime; box_shadow_vertical=\u00a0\u00bb-3px\u00a0\u00bb global_colors_info=\u00a0\u00bb{}\u00a0\u00bb][\/et_pb_button][\/et_pb_column][et_pb_column type=\u00a0\u00bb1_4&Prime; _builder_version=\u00a0\u00bb3.25&Prime; custom_padding=\u00a0\u00bb|||\u00a0\u00bb global_colors_info=\u00a0\u00bb{}\u00a0\u00bb custom_padding__hover=\u00a0\u00bb|||\u00a0\u00bb][et_pb_button button_url=\u00a0\u00bbhttps:\/\/toutomarto.fr\/wp-content\/uploads\/2019\/12\/B-I-FORM.-Forge-exper-5-jours-2020-.pdf\u00a0\u00bb url_new_window=\u00a0\u00bbon\u00a0\u00bb button_text=\u00a0\u00bbBulletin d&rsquo;Inscription\u00a0\u00bb button_alignment=\u00a0\u00bbcenter\u00a0\u00bb _builder_version=\u00a0\u00bb4.13.0&Prime; custom_button=\u00a0\u00bbon\u00a0\u00bb button_text_size=\u00a0\u00bb15px\u00a0\u00bb button_text_color=\u00a0\u00bb#ffffff\u00a0\u00bb button_bg_color=\u00a0\u00bb#f98900&Prime; button_border_width=\u00a0\u00bb0px\u00a0\u00bb button_border_radius=\u00a0\u00bb30px\u00a0\u00bb button_letter_spacing=\u00a0\u00bb0px\u00a0\u00bb button_font=\u00a0\u00bb||||||||\u00a0\u00bb button_icon=\u00a0\u00bb&#x3d;||divi||400&Prime; button_icon_color=\u00a0\u00bb#ffffff\u00a0\u00bb button_on_hover=\u00a0\u00bboff\u00a0\u00bb box_shadow_style=\u00a0\u00bbpreset2&Prime; box_shadow_vertical=\u00a0\u00bb-3px\u00a0\u00bb global_colors_info=\u00a0\u00bb{}\u00a0\u00bb][\/et_pb_button][\/et_pb_column][et_pb_column type=\u00a0\u00bb1_4&Prime; _builder_version=\u00a0\u00bb3.25&Prime; custom_padding=\u00a0\u00bb|||\u00a0\u00bb global_colors_info=\u00a0\u00bb{}\u00a0\u00bb custom_padding__hover=\u00a0\u00bb|||\u00a0\u00bb][et_pb_button button_url=\u00a0\u00bbhttps:\/\/toutomarto.fr\/wp-content\/uploads\/2019\/06\/Conditions-g\u00e9n\u00e9rales-formation-toutomarto.pdf\u00a0\u00bb url_new_window=\u00a0\u00bbon\u00a0\u00bb button_text=\u00a0\u00bbConditions G\u00e9n\u00e9rales\u00a0\u00bb button_alignment=\u00a0\u00bbcenter\u00a0\u00bb _builder_version=\u00a0\u00bb4.13.0&Prime; custom_button=\u00a0\u00bbon\u00a0\u00bb button_text_size=\u00a0\u00bb15px\u00a0\u00bb button_text_color=\u00a0\u00bb#ffffff\u00a0\u00bb button_bg_color=\u00a0\u00bb#f98900&Prime; button_border_width=\u00a0\u00bb0px\u00a0\u00bb button_border_radius=\u00a0\u00bb30px\u00a0\u00bb button_letter_spacing=\u00a0\u00bb0px\u00a0\u00bb button_font=\u00a0\u00bb||||||||\u00a0\u00bb button_icon=\u00a0\u00bb&#x3d;||divi||400&Prime; button_icon_color=\u00a0\u00bb#ffffff\u00a0\u00bb button_on_hover=\u00a0\u00bboff\u00a0\u00bb box_shadow_style=\u00a0\u00bbpreset2&Prime; box_shadow_vertical=\u00a0\u00bb-3px\u00a0\u00bb global_colors_info=\u00a0\u00bb{}\u00a0\u00bb][\/et_pb_button][\/et_pb_column][\/et_pb_row][\/et_pb_section]<\/p>\n","protected":false},"excerpt":{"rendered":"<p>Programme FORGE EXP\u00c9RIMENTALE &#8211;\u00a05 jours OBJECTIFS DE LA FORMATION Le stage s\u2019adresse \u00e0 des ferronniers exp\u00e9riment\u00e9s, ayant de pr\u00e9f\u00e9rence suivi le Module Initiation pour pouvoir \u00eatre d\u00e9j\u00e0 familiaris\u00e9s avec la technique d\u2019Uri Hofi. Exercices pratiques de cr\u00e9ativit\u00e9 autour d\u2019exp\u00e9rimentations utilisant des techniques contemporaines de ferronnerie. Le but de ces exercices est de montrer que le [&hellip;]<\/p>\n","protected":false},"author":1,"featured_media":0,"parent":0,"menu_order":0,"comment_status":"closed","ping_status":"closed","template":"","meta":{"_et_pb_use_builder":"on","_et_pb_old_content":"","_et_gb_content_width":"","footnotes":""},"class_list":["post-608","page","type-page","status-publish","hentry"],"_links":{"self":[{"href":"https:\/\/toutomarto.fr\/index.php\/wp-json\/wp\/v2\/pages\/608","targetHints":{"allow":["GET"]}}],"collection":[{"href":"https:\/\/toutomarto.fr\/index.php\/wp-json\/wp\/v2\/pages"}],"about":[{"href":"https:\/\/toutomarto.fr\/index.php\/wp-json\/wp\/v2\/types\/page"}],"author":[{"embeddable":true,"href":"https:\/\/toutomarto.fr\/index.php\/wp-json\/wp\/v2\/users\/1"}],"replies":[{"embeddable":true,"href":"https:\/\/toutomarto.fr\/index.php\/wp-json\/wp\/v2\/comments?post=608"}],"version-history":[{"count":34,"href":"https:\/\/toutomarto.fr\/index.php\/wp-json\/wp\/v2\/pages\/608\/revisions"}],"predecessor-version":[{"id":1911,"href":"https:\/\/toutomarto.fr\/index.php\/wp-json\/wp\/v2\/pages\/608\/revisions\/1911"}],"wp:attachment":[{"href":"https:\/\/toutomarto.fr\/index.php\/wp-json\/wp\/v2\/media?parent=608"}],"curies":[{"name":"wp","href":"https:\/\/api.w.org\/{rel}","templated":true}]}}