{"id":587,"date":"2019-06-24T23:41:56","date_gmt":"2019-06-24T21:41:56","guid":{"rendered":"https:\/\/toutomarto.fr\/?page_id=587"},"modified":"2024-09-24T15:55:00","modified_gmt":"2024-09-24T13:55:00","slug":"formation-mokume","status":"publish","type":"page","link":"https:\/\/toutomarto.fr\/index.php\/formation-mokume\/","title":{"rendered":"Formation Mokum\u00e9"},"content":{"rendered":"<p>[et_pb_section fb_built=\u00a0\u00bb1&Prime; _builder_version=\u00a0\u00bb3.23.3&Prime; custom_padding=\u00a0\u00bb||0px|||\u00a0\u00bb global_colors_info=\u00a0\u00bb{}\u00a0\u00bb][et_pb_row column_structure=\u00a0\u00bb1_2,1_2&Prime; _builder_version=\u00a0\u00bb3.25&Prime; width=\u00a0\u00bb97.1%\u00a0\u00bb min_height=\u00a0\u00bb598px\u00a0\u00bb custom_margin=\u00a0\u00bb|192px||auto||\u00a0\u00bb custom_padding=\u00a0\u00bb0px||0px|||\u00a0\u00bb global_colors_info=\u00a0\u00bb{}\u00a0\u00bb][et_pb_column type=\u00a0\u00bb1_2&Prime; _builder_version=\u00a0\u00bb3.25&Prime; custom_padding=\u00a0\u00bb|||\u00a0\u00bb global_colors_info=\u00a0\u00bb{}\u00a0\u00bb custom_padding__hover=\u00a0\u00bb|||\u00a0\u00bb][et_pb_text _builder_version=\u00a0\u00bb3.27.4&Prime; text_font=\u00a0\u00bb||||||||\u00a0\u00bb width=\u00a0\u00bb100%\u00a0\u00bb min_height=\u00a0\u00bb637px\u00a0\u00bb custom_margin=\u00a0\u00bb|32px||||\u00a0\u00bb custom_padding=\u00a0\u00bb||0px|15px||\u00a0\u00bb global_colors_info=\u00a0\u00bb{}\u00a0\u00bb]<\/p>\n<h2><strong>Programme<\/strong><\/h2>\n<p><span style=\"font-size: 14px;\">\u00a0<\/span><\/p>\n<h2><span style=\"color: #333300;\"><strong>MOKUM\u00c9 &#8211; 3 jours<\/strong><\/span><\/h2>\n<p><strong style=\"font-size: 14px;\">\u00a0<\/strong><span style=\"font-size: 14px;\">Le Mokum\u00e9 est une technique Japonaise d&rsquo;alliage de m\u00e9taux non ferreux (cuivre, laiton, nickel, or, argent&#8230;) qui fait penser au Damas. On obtient des objets d\u00e9coratifs pouvant \u00eatre utilis\u00e9s notamment en bijouterie.\u00a0<\/span><\/p>\n<p><span style=\"color: #ff7b35; font-size: 22px;\">OBJECTIFS DE LA FORMATION<\/span><\/p>\n<p><span style=\"font-size: 14px;\">Mark abordera la th\u00e9orie: l&rsquo;histoire, les diff\u00e9rents m\u00e9taux que l&rsquo;on peut utiliser, les diff\u00e9rentes fa\u00e7ons de faire du Mokum\u00e9 et de cr\u00e9er des motifs.<\/span><\/p>\n<p><span style=\"font-size: 14px;\">Un diaporama sur le proc\u00e9d\u00e9 de fabrication sera projet\u00e9 avec de nombreuses explications, les points de fusion des diff\u00e9rents m\u00e9taux&#8230;\u00a0<\/span><span style=\"font-size: 14px;\">Pour commencer la pratique et comprendre comment se fabrique le Mokum\u00e9 et ces motifs, nous utiliserons de la p\u00e2te Fimo.<\/span><\/p>\n<p><span style=\"font-size: 14px;\">Nous r\u00e9aliserons des empilements de cuivre et de laiton pour les fusionner en un seul bloc de fa\u00e7on \u00e0 pouvoir le forger et y faire des motifs.<\/span><\/p>\n<p><span style=\"font-size: 14px;\">Nous compl\u00e8terons les motifs et commencerons \u00e0 former des morceaux de Mokum\u00e9 en pi\u00e8ces d\u00e9coratives (bijoux ou diff\u00e9rentes parties d&rsquo;un couteau).<\/span><\/p>\n<p><span style=\"font-size: 14px;\">Mark nous montrera comment faire une bague dans un morceau de Mokum\u00e9 plat sans en interrompre les motifs.<\/span><\/p>\n<p><strong><span style=\"color: #ff6600;\">DATES\u00a0 :\u00a0 A DEFINIR EN 2025<\/span><\/strong><\/p>\n<p><strong><span style=\"color: #ff6600;\"><\/span><\/strong><\/p>\n<p>[\/et_pb_text][\/et_pb_column][et_pb_column type=\u00a0\u00bb1_2&Prime; _builder_version=\u00a0\u00bb3.25&Prime; custom_padding=\u00a0\u00bb|||\u00a0\u00bb global_colors_info=\u00a0\u00bb{}\u00a0\u00bb custom_padding__hover=\u00a0\u00bb|||\u00a0\u00bb][et_pb_gallery gallery_ids=\u00a0\u00bb595,596,597,598&Prime; show_title_and_caption=\u00a0\u00bboff\u00a0\u00bb show_pagination=\u00a0\u00bboff\u00a0\u00bb _builder_version=\u00a0\u00bb3.25.2&Prime; min_height=\u00a0\u00bb492px\u00a0\u00bb custom_margin=\u00a0\u00bb|-19px|-26px|||\u00a0\u00bb custom_padding=\u00a0\u00bb31px|30px||15px||\u00a0\u00bb global_colors_info=\u00a0\u00bb{}\u00a0\u00bb][\/et_pb_gallery][\/et_pb_column][\/et_pb_row][et_pb_row _builder_version=\u00a0\u00bb3.25.4&Prime; min_height=\u00a0\u00bb52px\u00a0\u00bb custom_margin=\u00a0\u00bb|auto|-4px|auto||\u00a0\u00bb global_colors_info=\u00a0\u00bb{}\u00a0\u00bb][et_pb_column type=\u00a0\u00bb4_4&Prime; _builder_version=\u00a0\u00bb3.25.4&Prime; global_colors_info=\u00a0\u00bb{}\u00a0\u00bb][et_pb_text _builder_version=\u00a0\u00bb3.27.4&Prime; global_colors_info=\u00a0\u00bb{}\u00a0\u00bb]<\/p>\n<p style=\"text-align: center;\"><em>Pour vous inscrire, t\u00e9l\u00e9chargez et remplissez la fiche de renseignements et le bulletin d&rsquo;inscription que vous nous retournerez accompagn\u00e9s d&rsquo;un ch\u00e8que d&rsquo;acompte.<\/em><\/p>\n<p>[\/et_pb_text][\/et_pb_column][\/et_pb_row][\/et_pb_section][et_pb_section fb_built=\u00a0\u00bb1&Prime; _builder_version=\u00a0\u00bb3.24.1&Prime; min_height=\u00a0\u00bb0px\u00a0\u00bb custom_margin=\u00a0\u00bb-3px|||||\u00a0\u00bb custom_padding=\u00a0\u00bb0px||0px|||\u00a0\u00bb global_colors_info=\u00a0\u00bb{}\u00a0\u00bb][et_pb_row column_structure=\u00a0\u00bb1_4,1_4,1_4,1_4&Prime; _builder_version=\u00a0\u00bb3.25&Prime; min_height=\u00a0\u00bb72px\u00a0\u00bb custom_margin=\u00a0\u00bb8px|auto||auto||\u00a0\u00bb custom_padding=\u00a0\u00bb||3px|||\u00a0\u00bb global_colors_info=\u00a0\u00bb{}\u00a0\u00bb][et_pb_column type=\u00a0\u00bb1_4&Prime; _builder_version=\u00a0\u00bb3.25&Prime; custom_padding=\u00a0\u00bb|||\u00a0\u00bb global_colors_info=\u00a0\u00bb{}\u00a0\u00bb custom_padding__hover=\u00a0\u00bb|||\u00a0\u00bb][et_pb_button button_url=\u00a0\u00bbhttps:\/\/toutomarto.fr\/wp-content\/uploads\/2019\/11\/Fiche-de-renseignements-2020.pdf\u00a0\u00bb url_new_window=\u00a0\u00bbon\u00a0\u00bb button_text=\u00a0\u00bbF. de renseignements\u00a0\u00bb button_alignment=\u00a0\u00bbcenter\u00a0\u00bb _builder_version=\u00a0\u00bb4.13.0&Prime; custom_button=\u00a0\u00bbon\u00a0\u00bb button_text_size=\u00a0\u00bb15px\u00a0\u00bb button_text_color=\u00a0\u00bb#ffffff\u00a0\u00bb button_bg_color=\u00a0\u00bb#f98900&Prime; button_border_width=\u00a0\u00bb0px\u00a0\u00bb button_border_radius=\u00a0\u00bb30px\u00a0\u00bb button_letter_spacing=\u00a0\u00bb0px\u00a0\u00bb button_font=\u00a0\u00bb||||||||\u00a0\u00bb button_icon=\u00a0\u00bb&#x3d;||divi||400&Prime; button_icon_color=\u00a0\u00bb#ffffff\u00a0\u00bb button_on_hover=\u00a0\u00bboff\u00a0\u00bb box_shadow_style=\u00a0\u00bbpreset2&Prime; box_shadow_vertical=\u00a0\u00bb-3px\u00a0\u00bb global_colors_info=\u00a0\u00bb{}\u00a0\u00bb][\/et_pb_button][\/et_pb_column][et_pb_column type=\u00a0\u00bb1_4&Prime; _builder_version=\u00a0\u00bb3.25&Prime; custom_padding=\u00a0\u00bb|||\u00a0\u00bb global_colors_info=\u00a0\u00bb{}\u00a0\u00bb custom_padding__hover=\u00a0\u00bb|||\u00a0\u00bb][et_pb_button button_url=\u00a0\u00bbhttps:\/\/toutomarto.fr\/wp-content\/uploads\/2020\/02\/Programme-formation-MOKUME-2020.pdf\u00a0\u00bb url_new_window=\u00a0\u00bbon\u00a0\u00bb button_text=\u00a0\u00bbProgramme Mokum\u00e9\u00a0\u00bb button_alignment=\u00a0\u00bbcenter\u00a0\u00bb _builder_version=\u00a0\u00bb4.13.0&Prime; custom_button=\u00a0\u00bbon\u00a0\u00bb button_text_size=\u00a0\u00bb15px\u00a0\u00bb button_text_color=\u00a0\u00bb#ffffff\u00a0\u00bb button_bg_color=\u00a0\u00bb#f98900&Prime; button_border_width=\u00a0\u00bb0px\u00a0\u00bb button_border_radius=\u00a0\u00bb30px\u00a0\u00bb button_letter_spacing=\u00a0\u00bb0px\u00a0\u00bb button_font=\u00a0\u00bb||||||||\u00a0\u00bb button_icon=\u00a0\u00bb&#x3d;||divi||400&Prime; button_icon_color=\u00a0\u00bb#ffffff\u00a0\u00bb button_on_hover=\u00a0\u00bboff\u00a0\u00bb box_shadow_style=\u00a0\u00bbpreset2&Prime; box_shadow_vertical=\u00a0\u00bb-3px\u00a0\u00bb global_colors_info=\u00a0\u00bb{}\u00a0\u00bb][\/et_pb_button][\/et_pb_column][et_pb_column type=\u00a0\u00bb1_4&Prime; _builder_version=\u00a0\u00bb3.25&Prime; custom_padding=\u00a0\u00bb|||\u00a0\u00bb global_colors_info=\u00a0\u00bb{}\u00a0\u00bb custom_padding__hover=\u00a0\u00bb|||\u00a0\u00bb][et_pb_button button_url=\u00a0\u00bbhttps:\/\/toutomarto.fr\/wp-content\/uploads\/2020\/02\/B-I-FORM.-MOKUME-3-j-week-end-2020-.pdf\u00a0\u00bb url_new_window=\u00a0\u00bbon\u00a0\u00bb button_text=\u00a0\u00bbBulletin d&rsquo;Inscription\u00a0\u00bb button_alignment=\u00a0\u00bbcenter\u00a0\u00bb _builder_version=\u00a0\u00bb4.13.0&Prime; custom_button=\u00a0\u00bbon\u00a0\u00bb button_text_size=\u00a0\u00bb15px\u00a0\u00bb button_text_color=\u00a0\u00bb#ffffff\u00a0\u00bb button_bg_color=\u00a0\u00bb#f98900&Prime; button_border_width=\u00a0\u00bb0px\u00a0\u00bb button_border_radius=\u00a0\u00bb30px\u00a0\u00bb button_letter_spacing=\u00a0\u00bb0px\u00a0\u00bb button_font=\u00a0\u00bb||||||||\u00a0\u00bb button_icon=\u00a0\u00bb&#x3d;||divi||400&Prime; button_icon_color=\u00a0\u00bb#ffffff\u00a0\u00bb button_on_hover=\u00a0\u00bboff\u00a0\u00bb box_shadow_style=\u00a0\u00bbpreset2&Prime; box_shadow_vertical=\u00a0\u00bb-3px\u00a0\u00bb global_colors_info=\u00a0\u00bb{}\u00a0\u00bb][\/et_pb_button][\/et_pb_column][et_pb_column type=\u00a0\u00bb1_4&Prime; _builder_version=\u00a0\u00bb3.25&Prime; custom_padding=\u00a0\u00bb|||\u00a0\u00bb global_colors_info=\u00a0\u00bb{}\u00a0\u00bb custom_padding__hover=\u00a0\u00bb|||\u00a0\u00bb][et_pb_button button_url=\u00a0\u00bbhttps:\/\/toutomarto.fr\/wp-content\/uploads\/2019\/06\/Conditions-g\u00e9n\u00e9rales-formation-toutomarto.pdf\u00a0\u00bb url_new_window=\u00a0\u00bbon\u00a0\u00bb button_text=\u00a0\u00bbConditions G\u00e9n\u00e9rales\u00a0\u00bb button_alignment=\u00a0\u00bbcenter\u00a0\u00bb _builder_version=\u00a0\u00bb4.13.0&Prime; custom_button=\u00a0\u00bbon\u00a0\u00bb button_text_size=\u00a0\u00bb15px\u00a0\u00bb button_text_color=\u00a0\u00bb#ffffff\u00a0\u00bb button_bg_color=\u00a0\u00bb#f98900&Prime; button_border_width=\u00a0\u00bb0px\u00a0\u00bb button_border_radius=\u00a0\u00bb30px\u00a0\u00bb button_letter_spacing=\u00a0\u00bb0px\u00a0\u00bb button_font=\u00a0\u00bb||||||||\u00a0\u00bb button_icon=\u00a0\u00bb&#x3d;||divi||400&Prime; button_icon_color=\u00a0\u00bb#ffffff\u00a0\u00bb button_on_hover=\u00a0\u00bboff\u00a0\u00bb box_shadow_style=\u00a0\u00bbpreset2&Prime; box_shadow_vertical=\u00a0\u00bb-3px\u00a0\u00bb global_colors_info=\u00a0\u00bb{}\u00a0\u00bb][\/et_pb_button][\/et_pb_column][\/et_pb_row][\/et_pb_section]<\/p>\n","protected":false},"excerpt":{"rendered":"<p>Programme \u00a0 MOKUM\u00c9 &#8211; 3 jours \u00a0Le Mokum\u00e9 est une technique Japonaise d&rsquo;alliage de m\u00e9taux non ferreux (cuivre, laiton, nickel, or, argent&#8230;) qui fait penser au Damas. On obtient des objets d\u00e9coratifs pouvant \u00eatre utilis\u00e9s notamment en bijouterie.\u00a0 OBJECTIFS DE LA FORMATION Mark abordera la th\u00e9orie: l&rsquo;histoire, les diff\u00e9rents m\u00e9taux que l&rsquo;on peut utiliser, les [&hellip;]<\/p>\n","protected":false},"author":1,"featured_media":0,"parent":0,"menu_order":0,"comment_status":"closed","ping_status":"closed","template":"","meta":{"_et_pb_use_builder":"on","_et_pb_old_content":"","_et_gb_content_width":"","footnotes":""},"class_list":["post-587","page","type-page","status-publish","hentry"],"_links":{"self":[{"href":"https:\/\/toutomarto.fr\/index.php\/wp-json\/wp\/v2\/pages\/587","targetHints":{"allow":["GET"]}}],"collection":[{"href":"https:\/\/toutomarto.fr\/index.php\/wp-json\/wp\/v2\/pages"}],"about":[{"href":"https:\/\/toutomarto.fr\/index.php\/wp-json\/wp\/v2\/types\/page"}],"author":[{"embeddable":true,"href":"https:\/\/toutomarto.fr\/index.php\/wp-json\/wp\/v2\/users\/1"}],"replies":[{"embeddable":true,"href":"https:\/\/toutomarto.fr\/index.php\/wp-json\/wp\/v2\/comments?post=587"}],"version-history":[{"count":25,"href":"https:\/\/toutomarto.fr\/index.php\/wp-json\/wp\/v2\/pages\/587\/revisions"}],"predecessor-version":[{"id":1912,"href":"https:\/\/toutomarto.fr\/index.php\/wp-json\/wp\/v2\/pages\/587\/revisions\/1912"}],"wp:attachment":[{"href":"https:\/\/toutomarto.fr\/index.php\/wp-json\/wp\/v2\/media?parent=587"}],"curies":[{"name":"wp","href":"https:\/\/api.w.org\/{rel}","templated":true}]}}