{"id":498,"date":"2019-06-24T15:25:53","date_gmt":"2019-06-24T13:25:53","guid":{"rendered":"https:\/\/toutomarto.fr\/?page_id=498"},"modified":"2019-07-05T19:09:08","modified_gmt":"2019-07-05T17:09:08","slug":"nos-references","status":"publish","type":"page","link":"https:\/\/toutomarto.fr\/index.php\/nos-references\/","title":{"rendered":"Nos r\u00e9f\u00e9rences"},"content":{"rendered":"<p>[et_pb_section fb_built=\u00a0\u00bb1&Prime; _builder_version=\u00a0\u00bb3.24.1&Prime; min_height=\u00a0\u00bb817px\u00a0\u00bb][et_pb_row _builder_version=\u00a0\u00bb3.25&Prime;][et_pb_column type=\u00a0\u00bb4_4&Prime; _builder_version=\u00a0\u00bb3.25&Prime; custom_padding=\u00a0\u00bb|||\u00a0\u00bb custom_padding__hover=\u00a0\u00bb|||\u00a0\u00bb][et_pb_team_member name=\u00a0\u00bbL\u2019UNIVERSITE RURALE MONTAGNARDE (URM)\u00a0\u00bb image_url=\u00a0\u00bbhttps:\/\/toutomarto.fr\/wp-content\/uploads\/2019\/06\/urm-aout-2018-9.jpg\u00a0\u00bb _builder_version=\u00a0\u00bb3.25.3&Prime; border_width_all_image=\u00a0\u00bb0px\u00a0\u00bb child_filter_opacity=\u00a0\u00bb80%\u00a0\u00bb animation_style=\u00a0\u00bbslide\u00a0\u00bb position=\u00a0\u00bbune association pour la sauvegarde du patrimoine b\u00e2ti en Sud-Is\u00e8re et la transmission des savoir-faire locaux.\u00a0\u00bb link_option_url=\u00a0\u00bbhttps:\/\/uerem.blogspot.com\/\u00a0\u00bb]<\/p>\n<p>Ao\u00fbt 2018, Toutomarto a amen\u00e9 tout le mat\u00e9riel de Forge devant la porte de la Chapelle du Ch\u00e2teau de la Mure.<\/p>\n<p>Issue d\u2019une rencontre avec Alain Monrozier au Festival des Montagnards o\u00f9 j\u2019effectuais une d\u00e9monstration de Forge,\u00a0 celui-ci me proposa le projet d\u2019intervenir avec l\u2019URM \u00e0 la r\u00e9fection de la porte de la Chapelle du Ch\u00e2teau de la Mure. La prestation \u00e9tait l\u2019occasion de pr\u00e9senter la forge aux stagiaires de l\u2019URM, de leur faire essayer mais en m\u00eame temps, de r\u00e9aliser des gons, des pentures et des clous n\u00e9cessaires \u00e0 la r\u00e9alisation de la porte et \u00e0 la tenue des pentures\u2026. Vaste programme\u00a0!!!<\/p>\n<p>Durant ces deux jours, nous avons r\u00e9alis\u00e9 4 pentures, 2 gons, une cinquantaine de clous. Il nous restait encore beaucoup de travail\u00a0: 4 gons, 2 pentures et 100 clous au moins\u00a0!!! Ce que nous\u00a0 avons termin\u00e9 dans notre atelier pendant encore\u00a0 2 jours.<\/p>\n<p>[\/et_pb_team_member][et_pb_divider _builder_version=\u00a0\u00bb3.24.1&Prime;][\/et_pb_divider][\/et_pb_column][\/et_pb_row][et_pb_row _builder_version=\u00a0\u00bb3.25.2&Prime; module_alignment=\u00a0\u00bbcenter\u00a0\u00bb][et_pb_column type=\u00a0\u00bb4_4&Prime; _builder_version=\u00a0\u00bb3.25&Prime; custom_padding=\u00a0\u00bb|||\u00a0\u00bb custom_padding__hover=\u00a0\u00bb|||\u00a0\u00bb][et_pb_team_member name=\u00a0\u00bbOBSERVONS\u00a0\u00bb position=\u00a0\u00bbMontagne de Lure\u00a0\u00bb image_url=\u00a0\u00bbhttps:\/\/toutomarto.fr\/wp-content\/uploads\/2019\/07\/toutomarto-diaporama-300&#215;300.jpg\u00a0\u00bb _builder_version=\u00a0\u00bb3.25.3&Prime; custom_margin=\u00a0\u00bb-56px||-7px|||\u00a0\u00bb custom_padding=\u00a0\u00bb35px|||||\u00a0\u00bb link_option_url=\u00a0\u00bbhttps:\/\/www.asso-forge-provencale.org\/\u00a0\u00bb]<\/p>\n<p><span>Le dernier week-end de janvier \u00e0 \u00e9t\u00e9 l&rsquo;occasion d\u2019une nouvelle rencontre entre les membres de l\u2019association. C\u2019est Claude qui nous \u00e0 accueilli dans sont atelier TOUTOMARTO dans le Champsaur, la m\u00e9t\u00e9o \u00e9tait de notre c\u00f4t\u00e9 et nous avons donc travaill\u00e9 dur sur la sculpture\u00a0 \u00ab\u00a0OBSERVONS\u00a0\u00bb qui est destin\u00e9e \u00e0 \u00eatre pos\u00e9e au sommet de la montagne de Lure.<\/span><\/p>\n<p><span>Les tubes de \u00d8 60 sont textur\u00e9s \u00e0 chaud et \u00e0 froid pour \u00eatre plaqu\u00e9s sur la structure porteuse \u00e0 laquelle nous avons donn\u00e9 du gauche comme sur la maquette. Malgr\u00e9 le nombre nous n\u2019\u00e9tions pas de trop pour dresser la grande structure et mettre en place les premiers \u00e9l\u00e9ments .<\/span><\/p>\n<p><span>Cette premi\u00e8re s\u00e9ance \u00e9tant une r\u00e9ussite tant sur le plan de la r\u00e9alisation de l\u2019\u0153uvre que sur celui de la bonne humeur et du partage nous invitons tous les membres de l\u2019association \u00e0 surveiller la prochaine date de rencontre\u00a0\u2026pour venir donner un bon coup de main bien s\u00fbr !<\/span><\/p>\n<p>[\/et_pb_team_member][\/et_pb_column][\/et_pb_row][et_pb_row _builder_version=\u00a0\u00bb3.25&Prime; custom_padding=\u00a0\u00bb||1px|||\u00a0\u00bb][et_pb_column type=\u00a0\u00bb4_4&Prime; _builder_version=\u00a0\u00bb3.25&Prime; custom_padding=\u00a0\u00bb|||\u00a0\u00bb custom_padding__hover=\u00a0\u00bb|||\u00a0\u00bb][et_pb_divider _builder_version=\u00a0\u00bb3.24.1&Prime;][\/et_pb_divider][\/et_pb_column][\/et_pb_row][\/et_pb_section]<\/p>\n","protected":false},"excerpt":{"rendered":"<p>Ao\u00fbt 2018, Toutomarto a amen\u00e9 tout le mat\u00e9riel de Forge devant la porte de la Chapelle du Ch\u00e2teau de la Mure. Issue d\u2019une rencontre avec Alain Monrozier au Festival des Montagnards o\u00f9 j\u2019effectuais une d\u00e9monstration de Forge,\u00a0 celui-ci me proposa le projet d\u2019intervenir avec l\u2019URM \u00e0 la r\u00e9fection de la porte de la Chapelle du [&hellip;]<\/p>\n","protected":false},"author":1,"featured_media":0,"parent":0,"menu_order":0,"comment_status":"closed","ping_status":"closed","template":"","meta":{"_et_pb_use_builder":"on","_et_pb_old_content":"","_et_gb_content_width":"","footnotes":""},"class_list":["post-498","page","type-page","status-publish","hentry"],"_links":{"self":[{"href":"https:\/\/toutomarto.fr\/index.php\/wp-json\/wp\/v2\/pages\/498","targetHints":{"allow":["GET"]}}],"collection":[{"href":"https:\/\/toutomarto.fr\/index.php\/wp-json\/wp\/v2\/pages"}],"about":[{"href":"https:\/\/toutomarto.fr\/index.php\/wp-json\/wp\/v2\/types\/page"}],"author":[{"embeddable":true,"href":"https:\/\/toutomarto.fr\/index.php\/wp-json\/wp\/v2\/users\/1"}],"replies":[{"embeddable":true,"href":"https:\/\/toutomarto.fr\/index.php\/wp-json\/wp\/v2\/comments?post=498"}],"version-history":[{"count":10,"href":"https:\/\/toutomarto.fr\/index.php\/wp-json\/wp\/v2\/pages\/498\/revisions"}],"predecessor-version":[{"id":859,"href":"https:\/\/toutomarto.fr\/index.php\/wp-json\/wp\/v2\/pages\/498\/revisions\/859"}],"wp:attachment":[{"href":"https:\/\/toutomarto.fr\/index.php\/wp-json\/wp\/v2\/media?parent=498"}],"curies":[{"name":"wp","href":"https:\/\/api.w.org\/{rel}","templated":true}]}}