{"id":453,"date":"2019-06-24T11:54:23","date_gmt":"2019-06-24T09:54:23","guid":{"rendered":"https:\/\/toutomarto.fr\/?page_id=453"},"modified":"2025-02-10T00:33:14","modified_gmt":"2025-02-09T23:33:14","slug":"formation-tenailles","status":"publish","type":"page","link":"https:\/\/toutomarto.fr\/index.php\/formation-tenailles\/","title":{"rendered":"Formation Tenailles de forge"},"content":{"rendered":"<p>[et_pb_section fb_built=\u00a0\u00bb1&Prime; _builder_version=\u00a0\u00bb3.23.3&Prime; custom_padding=\u00a0\u00bb28px||0px|||\u00a0\u00bb global_colors_info=\u00a0\u00bb{}\u00a0\u00bb][et_pb_row column_structure=\u00a0\u00bb1_2,1_2&Prime; _builder_version=\u00a0\u00bb3.25&Prime; width=\u00a0\u00bb83.7%\u00a0\u00bb custom_margin=\u00a0\u00bb|219px||44px||\u00a0\u00bb custom_padding=\u00a0\u00bb||0px|0px||\u00a0\u00bb global_colors_info=\u00a0\u00bb{}\u00a0\u00bb][et_pb_column type=\u00a0\u00bb1_2&Prime; _builder_version=\u00a0\u00bb3.25&Prime; custom_padding=\u00a0\u00bb|||\u00a0\u00bb global_colors_info=\u00a0\u00bb{}\u00a0\u00bb custom_padding__hover=\u00a0\u00bb|||\u00a0\u00bb][et_pb_text _builder_version=\u00a0\u00bb4.0.7&Prime; min_height=\u00a0\u00bb599px\u00a0\u00bb custom_margin=\u00a0\u00bb|||-20px||\u00a0\u00bb custom_padding=\u00a0\u00bb|0px||15px||\u00a0\u00bb global_colors_info=\u00a0\u00bb{}\u00a0\u00bb]<\/p>\n<p>&nbsp;<\/p>\n<p><strong>Programme<\/strong><\/p>\n<h2><span color=\"#333300\" style=\"color: #333300;\"><b>FORMATION TENAILLES de FORGE<\/b><\/span><\/h2>\n<p><strong><span>Avoir des bases dans la forge et\/ou \u00eatre tr\u00e8s motiv\u00e9.<\/span><\/strong><\/p>\n<h3>OBJECTIFS DE LA FORMATION<\/h3>\n<p>Rendre les stagiaires le plus autonome possible dans la fabrication des tenailles de Forge. Le stage sera toujours orient\u00e9 avec la technique de forge sp\u00e9cifique \u00e0 l\u2019atelier Toutomarto.<\/p>\n<p><em style=\"font-size: 14px;\"><u>Dans la pratique\u00a0:<br \/><\/u><\/em>Le stagiaire abordera\u00a0:<\/p>\n<ul>\n<li>Le concept g\u00e9n\u00e9ral du syst\u00e8me de forge que nous pratiquons.<\/li>\n<li>Les tenailles de forge dans du fer rond \u00d8<\/li>\n<li>La fabrication des rivets.<\/li>\n<li>Les tenailles de mar\u00e9chaux dans du plat de 25&#215;10<\/li>\n<\/ul>\n<h4><span><strong>\u00a0<\/strong><\/span><\/h4>\n<h4><span><strong>DATES\u00a0 :\u00a0 \u00a0<\/strong><\/span><\/h4>\n<h4><span><strong>&#8211; du 28 avril au 2 Mai 2025<br \/>&#8211; du 22 au 26 septembre 2025<br \/>&#8211; du\u00a0 8 au 12 d\u00e9cembre 2025<\/strong><\/span><\/h4>\n<p><span style=\"font-size: 14px;\"><\/span><\/p>\n<p><strong><span style=\"color: #25bc00;\">POUR TOUTE INSCRIPTION<\/span><\/strong><em style=\"font-size: 14px;\"><strong>,<\/strong> il est imp\u00e9ratif de t\u00e9l\u00e9charger et de remplir la fiche de renseignements ainsi que le bulletin d&rsquo;inscription \u00e0 nous renvoyer par mail.<br \/><\/em><em style=\"font-size: 14px;\">A titre individuel, merci de nous joindre un ch\u00e8que d&rsquo;acompte.<\/em><\/p>\n<p><em style=\"font-size: 14px;\"><span style=\"font-size: 14px;\">TARIF\u00a0 :\u00a0 850 \u20ac \u00e0 titre individuel (conditions sur le bulletin d&rsquo;inscription).<\/span><\/em><\/p>\n<p>Pour \u00e9tudier une<strong><em><span style=\"color: #289115;\">\u00a0possibilit\u00e9 de prise en charge financi\u00e8re, <\/span><\/em><\/strong>compl\u00e9ter le formulaire suivant : <br \/><a href=\"https:\/\/asso-formateur.fr\/questionnaire-de-pre-formation-apprenant\/\">https:\/\/asso-formateur.fr\/questionnaire-de-pre-formation-apprenant\/<\/a><br \/>(G\u00e9raldine SKRABO)<\/p>\n<p>Possibilit\u00e9 de grouper plusieurs formations pour une prise en charge globale.<\/p>\n<h4><span><strong>\u00a0<\/strong><\/span><\/h4>\n<p>&nbsp;<\/p>\n<p>&nbsp;<\/p>\n<p>[\/et_pb_text][\/et_pb_column][et_pb_column type=\u00a0\u00bb1_2&Prime; _builder_version=\u00a0\u00bb3.25&Prime; custom_padding=\u00a0\u00bb|||\u00a0\u00bb global_colors_info=\u00a0\u00bb{}\u00a0\u00bb custom_padding__hover=\u00a0\u00bb|||\u00a0\u00bb][et_pb_gallery gallery_ids=\u00a0\u00bb465,464,466,473,468&Prime; show_title_and_caption=\u00a0\u00bboff\u00a0\u00bb show_pagination=\u00a0\u00bboff\u00a0\u00bb _builder_version=\u00a0\u00bb3.25.2&Prime; min_height=\u00a0\u00bb282px\u00a0\u00bb custom_margin=\u00a0\u00bb|||0px||\u00a0\u00bb custom_padding=\u00a0\u00bb104px||0px|15px||\u00a0\u00bb global_colors_info=\u00a0\u00bb{}\u00a0\u00bb][\/et_pb_gallery][\/et_pb_column][\/et_pb_row][\/et_pb_section][et_pb_section fb_built=\u00a0\u00bb1&Prime; _builder_version=\u00a0\u00bb3.24.1&Prime; min_height=\u00a0\u00bb78px\u00a0\u00bb custom_padding=\u00a0\u00bb0px||0px|||\u00a0\u00bb global_colors_info=\u00a0\u00bb{}\u00a0\u00bb][et_pb_row column_structure=\u00a0\u00bb1_4,1_4,1_4,1_4&Prime; _builder_version=\u00a0\u00bb3.25&Prime; min_height=\u00a0\u00bb88px\u00a0\u00bb custom_margin=\u00a0\u00bb3px|auto||auto||\u00a0\u00bb custom_padding=\u00a0\u00bb0px|||||\u00a0\u00bb global_colors_info=\u00a0\u00bb{}\u00a0\u00bb][et_pb_column type=\u00a0\u00bb1_4&Prime; _builder_version=\u00a0\u00bb3.25&Prime; custom_padding=\u00a0\u00bb|||\u00a0\u00bb global_colors_info=\u00a0\u00bb{}\u00a0\u00bb custom_padding__hover=\u00a0\u00bb|||\u00a0\u00bb][et_pb_button button_url=\u00a0\u00bbhttps:\/\/toutomarto.fr\/wp-content\/uploads\/2025\/02\/Fiche-de-renseignement-2025.pdf\u00a0\u00bb url_new_window=\u00a0\u00bbon\u00a0\u00bb button_text=\u00a0\u00bbF. de renseignements\u00a0\u00bb button_alignment=\u00a0\u00bbcenter\u00a0\u00bb _builder_version=\u00a0\u00bb4.14.7&Prime; custom_button=\u00a0\u00bbon\u00a0\u00bb button_text_size=\u00a0\u00bb15px\u00a0\u00bb button_text_color=\u00a0\u00bb#ffffff\u00a0\u00bb button_bg_color=\u00a0\u00bb#f98900&Prime; button_border_width=\u00a0\u00bb0px\u00a0\u00bb button_border_radius=\u00a0\u00bb30px\u00a0\u00bb button_letter_spacing=\u00a0\u00bb0px\u00a0\u00bb button_font=\u00a0\u00bb||||||||\u00a0\u00bb button_icon=\u00a0\u00bb&#x3d;||divi||400&Prime; button_icon_color=\u00a0\u00bb#ffffff\u00a0\u00bb button_on_hover=\u00a0\u00bboff\u00a0\u00bb hover_enabled=\u00a0\u00bb0&Prime; box_shadow_style=\u00a0\u00bbpreset2&Prime; box_shadow_vertical=\u00a0\u00bb-3px\u00a0\u00bb global_colors_info=\u00a0\u00bb{}\u00a0\u00bb sticky_enabled=\u00a0\u00bb0&Prime;][\/et_pb_button][\/et_pb_column][et_pb_column type=\u00a0\u00bb1_4&Prime; _builder_version=\u00a0\u00bb3.25&Prime; custom_padding=\u00a0\u00bb|||\u00a0\u00bb global_colors_info=\u00a0\u00bb{}\u00a0\u00bb custom_padding__hover=\u00a0\u00bb|||\u00a0\u00bb][et_pb_button button_url=\u00a0\u00bbhttps:\/\/toutomarto.fr\/wp-content\/uploads\/2024\/09\/formationTenailles-de-Forge-2024.pdf\u00a0\u00bb url_new_window=\u00a0\u00bbon\u00a0\u00bb button_text=\u00a0\u00bbProgramme Tenailles\u00a0\u00bb button_alignment=\u00a0\u00bbcenter\u00a0\u00bb _builder_version=\u00a0\u00bb4.14.7&Prime; custom_button=\u00a0\u00bbon\u00a0\u00bb button_text_size=\u00a0\u00bb15px\u00a0\u00bb button_text_color=\u00a0\u00bb#ffffff\u00a0\u00bb button_bg_color=\u00a0\u00bb#f98900&Prime; button_border_width=\u00a0\u00bb0px\u00a0\u00bb button_border_radius=\u00a0\u00bb30px\u00a0\u00bb button_letter_spacing=\u00a0\u00bb0px\u00a0\u00bb button_font=\u00a0\u00bb||||||||\u00a0\u00bb button_icon=\u00a0\u00bb&#x3d;||divi||400&Prime; button_icon_color=\u00a0\u00bb#ffffff\u00a0\u00bb button_on_hover=\u00a0\u00bboff\u00a0\u00bb box_shadow_style=\u00a0\u00bbpreset2&Prime; box_shadow_vertical=\u00a0\u00bb-3px\u00a0\u00bb global_colors_info=\u00a0\u00bb{}\u00a0\u00bb][\/et_pb_button][\/et_pb_column][et_pb_column type=\u00a0\u00bb1_4&Prime; _builder_version=\u00a0\u00bb3.25&Prime; custom_padding=\u00a0\u00bb|||\u00a0\u00bb global_colors_info=\u00a0\u00bb{}\u00a0\u00bb custom_padding__hover=\u00a0\u00bb|||\u00a0\u00bb][et_pb_button button_url=\u00a0\u00bbhttps:\/\/toutomarto.fr\/wp-content\/uploads\/2025\/02\/B-I-FORM.-Tenailles-de-forge-5-jours-2025.pdf\u00a0\u00bb url_new_window=\u00a0\u00bbon\u00a0\u00bb button_text=\u00a0\u00bbBulletin d&rsquo;Inscription\u00a0\u00bb button_alignment=\u00a0\u00bbcenter\u00a0\u00bb _builder_version=\u00a0\u00bb4.14.7&Prime; custom_button=\u00a0\u00bbon\u00a0\u00bb button_text_size=\u00a0\u00bb15px\u00a0\u00bb button_text_color=\u00a0\u00bb#ffffff\u00a0\u00bb button_bg_color=\u00a0\u00bb#f98900&Prime; button_border_width=\u00a0\u00bb0px\u00a0\u00bb button_border_radius=\u00a0\u00bb30px\u00a0\u00bb button_letter_spacing=\u00a0\u00bb0px\u00a0\u00bb button_font=\u00a0\u00bb||||||||\u00a0\u00bb button_icon=\u00a0\u00bb&#x3d;||divi||400&Prime; button_icon_color=\u00a0\u00bb#ffffff\u00a0\u00bb button_on_hover=\u00a0\u00bboff\u00a0\u00bb box_shadow_style=\u00a0\u00bbpreset2&Prime; box_shadow_vertical=\u00a0\u00bb-3px\u00a0\u00bb global_colors_info=\u00a0\u00bb{}\u00a0\u00bb][\/et_pb_button][\/et_pb_column][et_pb_column type=\u00a0\u00bb1_4&Prime; _builder_version=\u00a0\u00bb3.25&Prime; custom_padding=\u00a0\u00bb|||\u00a0\u00bb global_colors_info=\u00a0\u00bb{}\u00a0\u00bb custom_padding__hover=\u00a0\u00bb|||\u00a0\u00bb][et_pb_button button_url=\u00a0\u00bbhttps:\/\/toutomarto.fr\/wp-content\/uploads\/2019\/06\/Conditions-g\u00e9n\u00e9rales-formation-toutomarto.pdf\u00a0\u00bb url_new_window=\u00a0\u00bbon\u00a0\u00bb button_text=\u00a0\u00bbConditions G\u00e9n\u00e9rales\u00a0\u00bb button_alignment=\u00a0\u00bbcenter\u00a0\u00bb _builder_version=\u00a0\u00bb4.13.0&Prime; custom_button=\u00a0\u00bbon\u00a0\u00bb button_text_size=\u00a0\u00bb15px\u00a0\u00bb button_text_color=\u00a0\u00bb#ffffff\u00a0\u00bb button_bg_color=\u00a0\u00bb#f98900&Prime; button_border_width=\u00a0\u00bb0px\u00a0\u00bb button_border_radius=\u00a0\u00bb30px\u00a0\u00bb button_letter_spacing=\u00a0\u00bb0px\u00a0\u00bb button_font=\u00a0\u00bb||||||||\u00a0\u00bb button_icon=\u00a0\u00bb&#x3d;||divi||400&Prime; button_icon_color=\u00a0\u00bb#ffffff\u00a0\u00bb button_on_hover=\u00a0\u00bboff\u00a0\u00bb box_shadow_style=\u00a0\u00bbpreset2&Prime; box_shadow_vertical=\u00a0\u00bb-3px\u00a0\u00bb global_colors_info=\u00a0\u00bb{}\u00a0\u00bb][\/et_pb_button][\/et_pb_column][\/et_pb_row][\/et_pb_section]<\/p>\n","protected":false},"excerpt":{"rendered":"<p>&nbsp; Programme FORMATION TENAILLES de FORGE Avoir des bases dans la forge et\/ou \u00eatre tr\u00e8s motiv\u00e9. OBJECTIFS DE LA FORMATION Rendre les stagiaires le plus autonome possible dans la fabrication des tenailles de Forge. Le stage sera toujours orient\u00e9 avec la technique de forge sp\u00e9cifique \u00e0 l\u2019atelier Toutomarto. Dans la pratique\u00a0:Le stagiaire abordera\u00a0: Le concept [&hellip;]<\/p>\n","protected":false},"author":1,"featured_media":0,"parent":0,"menu_order":0,"comment_status":"closed","ping_status":"closed","template":"","meta":{"_et_pb_use_builder":"on","_et_pb_old_content":"","_et_gb_content_width":"","footnotes":""},"class_list":["post-453","page","type-page","status-publish","hentry"],"_links":{"self":[{"href":"https:\/\/toutomarto.fr\/index.php\/wp-json\/wp\/v2\/pages\/453","targetHints":{"allow":["GET"]}}],"collection":[{"href":"https:\/\/toutomarto.fr\/index.php\/wp-json\/wp\/v2\/pages"}],"about":[{"href":"https:\/\/toutomarto.fr\/index.php\/wp-json\/wp\/v2\/types\/page"}],"author":[{"embeddable":true,"href":"https:\/\/toutomarto.fr\/index.php\/wp-json\/wp\/v2\/users\/1"}],"replies":[{"embeddable":true,"href":"https:\/\/toutomarto.fr\/index.php\/wp-json\/wp\/v2\/comments?post=453"}],"version-history":[{"count":49,"href":"https:\/\/toutomarto.fr\/index.php\/wp-json\/wp\/v2\/pages\/453\/revisions"}],"predecessor-version":[{"id":1984,"href":"https:\/\/toutomarto.fr\/index.php\/wp-json\/wp\/v2\/pages\/453\/revisions\/1984"}],"wp:attachment":[{"href":"https:\/\/toutomarto.fr\/index.php\/wp-json\/wp\/v2\/media?parent=453"}],"curies":[{"name":"wp","href":"https:\/\/api.w.org\/{rel}","templated":true}]}}