{"id":260,"date":"2019-06-20T19:16:12","date_gmt":"2019-06-20T17:16:12","guid":{"rendered":"https:\/\/toutomarto.fr\/?page_id=260"},"modified":"2025-02-09T22:58:56","modified_gmt":"2025-02-09T21:58:56","slug":"formateurs","status":"publish","type":"page","link":"https:\/\/toutomarto.fr\/index.php\/formateurs\/","title":{"rendered":"Formateurs"},"content":{"rendered":"<p>[et_pb_section fb_built=\u00a0\u00bb1&Prime; _builder_version=\u00a0\u00bb3.24.1&Prime; global_colors_info=\u00a0\u00bb{}\u00a0\u00bb][et_pb_row _builder_version=\u00a0\u00bb3.25&Prime; global_colors_info=\u00a0\u00bb{}\u00a0\u00bb][et_pb_column type=\u00a0\u00bb4_4&Prime; _builder_version=\u00a0\u00bb3.25&Prime; custom_padding=\u00a0\u00bb|||\u00a0\u00bb global_colors_info=\u00a0\u00bb{}\u00a0\u00bb custom_padding__hover=\u00a0\u00bb|||\u00a0\u00bb][et_pb_team_member name=\u00a0\u00bbClaude DUTEIL\u00a0\u00bb position=\u00a0\u00bbForgeron Ferronnier d\u2019art\u00a0\u00bb image_url=\u00a0\u00bbhttps:\/\/toutomarto.fr\/wp-content\/uploads\/2019\/06\/claude-750&#215;750.jpg\u00a0\u00bb _builder_version=\u00a0\u00bb3.24.1&Prime; child_filter_opacity=\u00a0\u00bb80%\u00a0\u00bb animation_style=\u00a0\u00bbslide\u00a0\u00bb border_width_all_image=\u00a0\u00bb0px\u00a0\u00bb global_colors_info=\u00a0\u00bb{}\u00a0\u00bb]<\/p>\n<p style=\"text-align: center;\">\n<p><a href=\"mailto:claude@toutomarto.com\"><\/a><strong>Forgeron depuis 1995, dipl\u00f4m\u00e9 CAP ferronnier d\u2019art<\/strong><\/p>\n<p>Artisan \/ ferronnier d\u2019art forgeron de l\u2019entreprise La FORGE HAUTE<\/p>\n<p>Exp\u00e9rience professionnelle aupr\u00e8s de&nbsp;:<\/p>\n<ul>\n<li>Jean-Claude Prunaretty aux \u00ab&nbsp;Forges des vertes rives&nbsp;\u00bb<\/li>\n<li>Nabuya Yamagushi en Isra\u00ebl&nbsp; (sculpteur, designer et forgeron ).<\/li>\n<li>L\u2019atelier de URI HOFI&nbsp; en Isra\u00ebl, kiboutz Ein Shemer<\/li>\n<li>L\u2019entreprise Proferro<\/li>\n<li>L\u2019entreprise d\u2019Hubert Jourdain \u00e0 Foissac<\/li>\n<\/ul>\n<p><strong>&nbsp;Formateur&nbsp;:<\/strong><\/p>\n<ul>\n<li>\u00e0 l\u2019\u00e9cole Internationale de la Ferronnerie fran\u00e7aise \u00e0 Muizon (51)<\/li>\n<li>au centre de Arts du feu \u00e0 Nabeul -Tunisie<\/li>\n<li>chez les Compagnons \u00e0 N\u00eemes<\/li>\n<\/ul>\n<p>Membre des associations \u00ab&nbsp;La Forge des Hautes Alpes&nbsp;\u00bb&nbsp;; \u00ab&nbsp;Association Forge Proven\u00e7ale&nbsp;\u00bb.[\/et_pb_team_member][et_pb_divider _builder_version=\u00a0\u00bb3.24.1&Prime; global_colors_info=\u00a0\u00bb{}\u00a0\u00bb][\/et_pb_divider][\/et_pb_column][\/et_pb_row][et_pb_row _builder_version=\u00a0\u00bb3.25&Prime; module_alignment=\u00a0\u00bbcenter\u00a0\u00bb global_colors_info=\u00a0\u00bb{}\u00a0\u00bb][et_pb_column type=\u00a0\u00bb4_4&Prime; _builder_version=\u00a0\u00bb3.25&Prime; custom_padding=\u00a0\u00bb|||\u00a0\u00bb global_colors_info=\u00a0\u00bb{}\u00a0\u00bb custom_padding__hover=\u00a0\u00bb|||\u00a0\u00bb][et_pb_team_member name=\u00a0\u00bbAmnon ERLICHMAN\u00a0\u00bb position=\u00a0\u00bbForgeron Ferronnier d\u2019art depuis 1991&Prime; image_url=\u00a0\u00bbhttps:\/\/toutomarto.fr\/wp-content\/uploads\/2019\/06\/amnon-750&#215;750.jpg\u00a0\u00bb _builder_version=\u00a0\u00bb3.24.1&Prime; custom_margin=\u00a0\u00bb-56px||-7px|||\u00a0\u00bb custom_padding=\u00a0\u00bb35px|||||\u00a0\u00bb global_colors_info=\u00a0\u00bb{}\u00a0\u00bb]Artisan &nbsp;ferronnier d\u2019art \/ forgeron de l\u2019entreprise AUTRE FORGE<\/p>\n<p><a href=\"mailto:autreforge@gmail.com\">autreforge@gmail.com<\/a><\/p>\n<p><strong>Formateur<\/strong><\/p>\n<p>&#8211; A l\u2019\u00e9cole de Forge URI HOFI, Kibbutz Ein Shemer &#8211; Israel<\/p>\n<p>&#8211; A l\u2019\u00e9cole de forge \u00ab&nbsp;OZARK&nbsp;\u00bb de Tom CLARK dans le Missouri USA&nbsp;( niveau d\u00e9butant et niveau avanc\u00e9)<\/p>\n<p>Partenaire de l\u2019\u00e9quipe Designer de la Forge Ein Shemer.<\/p>\n<p>Membre des associations \u00ab&nbsp;La Forge des Hautes Alpes&nbsp;\u00bb&nbsp;; \u00ab&nbsp;Association Forge Proven\u00e7ale&nbsp;\u00bb.[\/et_pb_team_member][\/et_pb_column][\/et_pb_row][et_pb_row _builder_version=\u00a0\u00bb3.25&Prime; global_colors_info=\u00a0\u00bb{}\u00a0\u00bb][et_pb_column type=\u00a0\u00bb4_4&Prime; _builder_version=\u00a0\u00bb3.25&Prime; custom_padding=\u00a0\u00bb|||\u00a0\u00bb global_colors_info=\u00a0\u00bb{}\u00a0\u00bb custom_padding__hover=\u00a0\u00bb|||\u00a0\u00bb][et_pb_divider _builder_version=\u00a0\u00bb3.24.1&Prime; global_colors_info=\u00a0\u00bb{}\u00a0\u00bb][\/et_pb_divider][\/et_pb_column][\/et_pb_row][et_pb_row _builder_version=\u00a0\u00bb3.25&Prime; module_alignment=\u00a0\u00bbcenter\u00a0\u00bb min_height=\u00a0\u00bb359px\u00a0\u00bb custom_margin=\u00a0\u00bb-40px|auto||auto||\u00a0\u00bb custom_padding=\u00a0\u00bb||0px|||\u00a0\u00bb global_colors_info=\u00a0\u00bb{}\u00a0\u00bb][et_pb_column type=\u00a0\u00bb4_4&Prime; _builder_version=\u00a0\u00bb3.25&Prime; custom_padding=\u00a0\u00bb|||\u00a0\u00bb global_colors_info=\u00a0\u00bb{}\u00a0\u00bb custom_padding__hover=\u00a0\u00bb|||\u00a0\u00bb][et_pb_team_member name=\u00a0\u00bbMark Constable \u00a0\u00bb image_url=\u00a0\u00bbhttps:\/\/toutomarto.fr\/wp-content\/uploads\/2019\/06\/amnon-750&#215;750-1.jpg\u00a0\u00bb _builder_version=\u00a0\u00bb3.24.1&Prime; min_height=\u00a0\u00bb345px\u00a0\u00bb custom_margin=\u00a0\u00bb||14px|||\u00a0\u00bb custom_padding=\u00a0\u00bb0px|||||\u00a0\u00bb global_colors_info=\u00a0\u00bb{}\u00a0\u00bb]Mark Constable est Anglais, et r\u00e9side dans le nord-est de l&rsquo;Angleterre \u00e0 Beverley.<\/p>\n<p>Mark a commenc\u00e9 \u00e0 faire du Mokum\u00e9 au d\u00e9but des ann\u00e9es 80. Il y avait tr\u00e8s peu d&rsquo;information sur le sujet, ses nombreuses exp\u00e9rimentations et erreurs lui ont permis d&rsquo;acqu\u00e9rir une bonne connaissance du Mokum\u00e9.<\/p>\n<p>Apr\u00e8s plus de 30 ans de pratique de la technique du Mokum\u00e9, il est toujours aussi passionn\u00e9 et c&rsquo;est avec beaucoup de plaisir qu&rsquo;il partage son savoir-faire.<\/p>\n<p>Au cours du stage il donne de nombreux d\u00e9tails notamment les erreurs \u00e0 \u00e9viter afin de faciliter le travail, et d\u00e9veloppe certains raccourcis dans le proc\u00e9d\u00e9 de fabrication du Mokum\u00e9 pour qu&rsquo;au final cela prenne moins de temps et r\u00e9duise les co\u00fbts de production.<\/p>\n<p>Il partage aussi les informations r\u00e9unies au fil du temps concernant l&rsquo;\u00e9quipement minimum n\u00e9cessaire.&nbsp; Mark a r\u00e9alis\u00e9 de nombreux bijoux en Mokum\u00e9.[\/et_pb_team_member][\/et_pb_column][\/et_pb_row][et_pb_row _builder_version=\u00a0\u00bb3.25&Prime; min_height=\u00a0\u00bb38px\u00a0\u00bb custom_padding=\u00a0\u00bb0px||0px|||\u00a0\u00bb global_colors_info=\u00a0\u00bb{}\u00a0\u00bb][et_pb_column type=\u00a0\u00bb4_4&Prime; _builder_version=\u00a0\u00bb3.25&Prime; custom_padding=\u00a0\u00bb|||\u00a0\u00bb global_colors_info=\u00a0\u00bb{}\u00a0\u00bb custom_padding__hover=\u00a0\u00bb|||\u00a0\u00bb][et_pb_divider _builder_version=\u00a0\u00bb3.24.1&Prime; min_height=\u00a0\u00bb8px\u00a0\u00bb global_colors_info=\u00a0\u00bb{}\u00a0\u00bb][\/et_pb_divider][\/et_pb_column][\/et_pb_row][et_pb_row _builder_version=\u00a0\u00bb3.25&Prime; min_height=\u00a0\u00bb38px\u00a0\u00bb custom_padding=\u00a0\u00bb0px||0px|||\u00a0\u00bb global_colors_info=\u00a0\u00bb{}\u00a0\u00bb][et_pb_column type=\u00a0\u00bb4_4&Prime; _builder_version=\u00a0\u00bb3.25&Prime; custom_padding=\u00a0\u00bb|||\u00a0\u00bb global_colors_info=\u00a0\u00bb{}\u00a0\u00bb custom_padding__hover=\u00a0\u00bb|||\u00a0\u00bb][\/et_pb_column][\/et_pb_row][et_pb_row _builder_version=\u00a0\u00bb3.25.3&Prime; module_alignment=\u00a0\u00bbcenter\u00a0\u00bb link_option_url=\u00a0\u00bbhttp:\/\/pierre.gaucher.free.fr\/cv.html\u00a0\u00bb link_option_url_new_window=\u00a0\u00bbon\u00a0\u00bb global_colors_info=\u00a0\u00bb{}\u00a0\u00bb][et_pb_column type=\u00a0\u00bb4_4&Prime; _builder_version=\u00a0\u00bb3.25&Prime; custom_padding=\u00a0\u00bb|||\u00a0\u00bb global_colors_info=\u00a0\u00bb{}\u00a0\u00bb custom_padding__hover=\u00a0\u00bb|||\u00a0\u00bb][et_pb_team_member name=\u00a0\u00bbPierre Gaucher\u00a0\u00bb image_url=\u00a0\u00bbhttps:\/\/toutomarto.fr\/wp-content\/uploads\/2019\/06\/pierre-gaucher-750&#215;750-1.jpg\u00a0\u00bb _builder_version=\u00a0\u00bb3.25.3&Prime; header_font=\u00a0\u00bb||||||||\u00a0\u00bb body_font=\u00a0\u00bb||||||||\u00a0\u00bb min_height=\u00a0\u00bb299px\u00a0\u00bb custom_margin=\u00a0\u00bb-4px|||||\u00a0\u00bb custom_padding=\u00a0\u00bb0px||0px|||\u00a0\u00bb link_option_url=\u00a0\u00bbhttp:\/\/pierre.gaucher.free.fr\/cv.html\u00a0\u00bb link_option_url_new_window=\u00a0\u00bbon\u00a0\u00bb global_colors_info=\u00a0\u00bb{}\u00a0\u00bb]<\/p>\n<div>Int\u00e9ress\u00e9 par tous les aspects et toutes les potentialit\u00e9s de la pratique des m\u00e9taux , il passe un dipl\u00f4me artisanal (le brevet de compagnon ferronnier d\u2019art), le dipl\u00f4me municipal de ferronnerie d\u2019art et le dipl\u00f4me national des beaux-arts en sculpture.<\/div>\n<div>Il se perfectionne \u00e0 l\u2019\u00e9tranger, en Angleterre ( stage \u00e0 l\u2019\u00e9cole des beaux-arts de Cheltenham), en Italie ( chez les sculpteurs Bruno Vallazza et Toni Benetton),<\/div>\n<div>en Allemagne ( chez les ferronniers d\u2019art Matthias Peters et Manfred Bredohl) et aux Etats Unis chez Albert Paley.<\/div>\n<div><\/div>\n<div>Il cr\u00e9e son atelier en 1986 et se consacre depuis exclusivement \u00e0 son art, alternant la r\u00e9alisation d\u2019interventions d\u00e9coratives sur des grilles monumentales&nbsp;au titre du 1% ( les grilles du CARAN \u00e0 Paris) , de sculptures pour des collectivit\u00e9s ( \u00ab La culture de l\u2019oubli \u00bb pour le CEAAC \u00e0 Truchtersheim) et de commandes pour les particuliers allant de la sculpture au mobilier.<\/div>\n<div>En parall\u00e8le, il expose r\u00e9guli\u00e8rement en galerie, principalement en France et depuis le d\u00e9but du troisi\u00e8me mill\u00e9naire, apr\u00e8s un passage \u00e0 vide, il se recentre sur son travail de sculpteur.<\/div>\n<div><\/div>\n<div>Remarqu\u00e9 en 1996 par le minist\u00e8re de la culture pour ses cr\u00e9ations dans le domaine de la ferronnerie contemporaine, il est nomm\u00e9 Ma\u00eetre d\u2019Art. A ce titre, il participe \u00e0 de nombreuses expositions et manifestations , tant en France qu\u2019\u00e0 l\u2019\u00e9tranger (Paris, Evian, Amboise, Taiwan, Egypte, Chine, New-York\u2026) et forme deux \u00e9l\u00e8ves : Benjamin Schlunk et Nico Chardel.<\/div>\n<div>Il est sollicit\u00e9 \u00e0 deux reprises pour accompagner le d\u00e9veloppement de son m\u00e9tier \u00e0 l\u2019international, d\u2019une part en cr\u00e9ant le programme p\u00e9dagogique de l\u2019atelier de ferronnerie d\u2019art au nouveau Centre des Arts du Feu de Nabeul en Tunisie, et d\u2019autre part en cr\u00e9ant un programme de formation continue et en encadrant un stage de formation en direction des artisans ferronniers d\u2019art du Royaume du Maroc.<\/div>\n<p>[\/et_pb_team_member][et_pb_divider _builder_version=\u00a0\u00bb3.24.1&Prime; min_height=\u00a0\u00bb8px\u00a0\u00bb global_colors_info=\u00a0\u00bb{}\u00a0\u00bb][\/et_pb_divider][\/et_pb_column][\/et_pb_row][et_pb_row _builder_version=\u00a0\u00bb4.4.1&Prime; module_alignment=\u00a0\u00bbcenter\u00a0\u00bb link_option_url=\u00a0\u00bbhttp:\/\/lescouteauxtoto.blogspot.com\/\u00a0\u00bb link_option_url_new_window=\u00a0\u00bbon\u00a0\u00bb global_colors_info=\u00a0\u00bb{}\u00a0\u00bb][et_pb_column type=\u00a0\u00bb4_4&Prime; _builder_version=\u00a0\u00bb3.25&Prime; custom_padding=\u00a0\u00bb|||\u00a0\u00bb global_colors_info=\u00a0\u00bb{}\u00a0\u00bb custom_padding__hover=\u00a0\u00bb|||\u00a0\u00bb][et_pb_team_member name=\u00a0\u00bbDaniel MARLOT\u00a0\u00bb image_url=\u00a0\u00bbhttps:\/\/toutomarto.fr\/wp-content\/uploads\/2019\/12\/daniel-marlot-les-couteaux-de-toto-2020.jpg\u00a0\u00bb _builder_version=\u00a0\u00bb4.4.1&Prime; header_font=\u00a0\u00bb||||||||\u00a0\u00bb body_font=\u00a0\u00bb||||||||\u00a0\u00bb min_height=\u00a0\u00bb299px\u00a0\u00bb custom_margin=\u00a0\u00bb-4px|||||\u00a0\u00bb custom_padding=\u00a0\u00bb0px||0px|||\u00a0\u00bb link_option_url=\u00a0\u00bbhttp:\/\/pierre.gaucher.free.fr\/cv.html\u00a0\u00bb link_option_url_new_window=\u00a0\u00bbon\u00a0\u00bb global_colors_info=\u00a0\u00bb{}\u00a0\u00bb]<span>Forgeron coutelier d&rsquo;art<\/span><\/p>\n<p><span>Formation :&nbsp;<\/span><\/p>\n<p><span>-BTS en chaudronnerie<\/span><br \/>\n<span>&#8211; CAP ferronnerie d&rsquo;Art<\/span><br \/>\n<span>&#8211; Aspirant aux compagnons du devoir en ferronnerie d&rsquo;art<\/span><\/p>\n<p><span>Exp\u00e9riences en tant que Formateur&nbsp;<\/span><br \/>\n<span>&#8211; Stages deux jours, couteau droit ou pliant<\/span><br \/>\n<span>&#8211; Stage cinq jours, couteaux droits, pliants, techniques de forge<\/span><br \/>\n<span>&#8211; Accueil de jeunes adolescents en coutellerie ou ferronnerie dans le cadre de leur apprentissage<\/span><\/p>\n<p><span>Premier \u00e9l\u00e8ve de Claude, j&rsquo;ai d\u00e9couvert la forge il y a 20 ans.&nbsp;&nbsp;<\/span><span>J&rsquo;ai progressivement exp\u00e9riment\u00e9, pratiqu\u00e9 et maitris\u00e9 les techniques de forge de toutomarto en les appliquant \u00e0 la coutellerie.<\/span><br \/>\n<span>L&rsquo;ensemble de ma production est&nbsp; constitu\u00e9e de couteaux pliants, de couteaux de cuisines et l&rsquo;art de la table (couverts de table et de service).<\/span>[\/et_pb_team_member][et_pb_divider _builder_version=\u00a0\u00bb3.24.1&Prime; min_height=\u00a0\u00bb8px\u00a0\u00bb global_colors_info=\u00a0\u00bb{}\u00a0\u00bb][\/et_pb_divider][\/et_pb_column][\/et_pb_row][\/et_pb_section]<\/p>\n","protected":false},"excerpt":{"rendered":"<p>Forgeron depuis 1995, dipl\u00f4m\u00e9 CAP ferronnier d\u2019art Artisan \/ ferronnier d\u2019art forgeron de l\u2019entreprise La FORGE HAUTE Exp\u00e9rience professionnelle aupr\u00e8s de&nbsp;: Jean-Claude Prunaretty aux \u00ab&nbsp;Forges des vertes rives&nbsp;\u00bb Nabuya Yamagushi en Isra\u00ebl&nbsp; (sculpteur, designer et forgeron ). L\u2019atelier de URI HOFI&nbsp; en Isra\u00ebl, kiboutz Ein Shemer L\u2019entreprise Proferro L\u2019entreprise d\u2019Hubert Jourdain \u00e0 Foissac &nbsp;Formateur&nbsp;: \u00e0 [&hellip;]<\/p>\n","protected":false},"author":1,"featured_media":0,"parent":0,"menu_order":0,"comment_status":"closed","ping_status":"closed","template":"","meta":{"_et_pb_use_builder":"on","_et_pb_old_content":"","_et_gb_content_width":"","footnotes":""},"class_list":["post-260","page","type-page","status-publish","hentry"],"_links":{"self":[{"href":"https:\/\/toutomarto.fr\/index.php\/wp-json\/wp\/v2\/pages\/260","targetHints":{"allow":["GET"]}}],"collection":[{"href":"https:\/\/toutomarto.fr\/index.php\/wp-json\/wp\/v2\/pages"}],"about":[{"href":"https:\/\/toutomarto.fr\/index.php\/wp-json\/wp\/v2\/types\/page"}],"author":[{"embeddable":true,"href":"https:\/\/toutomarto.fr\/index.php\/wp-json\/wp\/v2\/users\/1"}],"replies":[{"embeddable":true,"href":"https:\/\/toutomarto.fr\/index.php\/wp-json\/wp\/v2\/comments?post=260"}],"version-history":[{"count":22,"href":"https:\/\/toutomarto.fr\/index.php\/wp-json\/wp\/v2\/pages\/260\/revisions"}],"predecessor-version":[{"id":1943,"href":"https:\/\/toutomarto.fr\/index.php\/wp-json\/wp\/v2\/pages\/260\/revisions\/1943"}],"wp:attachment":[{"href":"https:\/\/toutomarto.fr\/index.php\/wp-json\/wp\/v2\/media?parent=260"}],"curies":[{"name":"wp","href":"https:\/\/api.w.org\/{rel}","templated":true}]}}